{"id":771,"date":"2017-01-30T17:16:52","date_gmt":"2017-01-30T16:16:52","guid":{"rendered":"http:\/\/7241d206bd.url-de-test.ws\/?page_id=771"},"modified":"2024-02-02T12:19:08","modified_gmt":"2024-02-02T11:19:08","slug":"nos-maisons-4-personnes","status":"publish","type":"page","link":"https:\/\/www.villa-verdi.fr\/en\/nos-maisons-4-personnes\/","title":{"rendered":"Nos maisons 4 personnes"},"content":{"rendered":"\t\t<div data-elementor-type=\"wp-page\" data-elementor-id=\"771\" class=\"elementor elementor-771\">\n\t\t\t\t\t\t<section class=\"elementor-section elementor-top-section elementor-element elementor-element-7cd8acf elementor-section-full_width elementor-section-height-min-height elementor-section-items-stretch elementor-section-stretched elementor-section-height-default\" data-id=\"7cd8acf\" data-element_type=\"section\" data-settings=\"{&quot;stretch_section&quot;:&quot;section-stretched&quot;,&quot;background_background&quot;:&quot;slideshow&quot;,&quot;background_slideshow_gallery&quot;:[],&quot;background_slideshow_loop&quot;:&quot;yes&quot;,&quot;background_slideshow_slide_duration&quot;:5000,&quot;background_slideshow_slide_transition&quot;:&quot;fade&quot;,&quot;background_slideshow_transition_duration&quot;:500}\">\n\t\t\t\t\t\t<div class=\"elementor-container elementor-column-gap-custom\">\n\t\t\t\t\t<div class=\"elementor-column elementor-col-66 elementor-top-column elementor-element elementor-element-b503f3d\" data-id=\"b503f3d\" data-element_type=\"column\" data-settings=\"{&quot;background_background&quot;:&quot;slideshow&quot;,&quot;background_slideshow_gallery&quot;:[{&quot;id&quot;:1698,&quot;url&quot;:&quot;https:\\\/\\\/www.villa-verdi.fr\\\/wp-content\\\/uploads\\\/2024\\\/01\\\/ACF680BC-EE8E-4340-9A50-472650D97DD2_1_105_c.jpeg&quot;},{&quot;id&quot;:1704,&quot;url&quot;:&quot;https:\\\/\\\/www.villa-verdi.fr\\\/wp-content\\\/uploads\\\/2024\\\/01\\\/35A7C1AC-3C7A-4425-A50E-264789D50F29_1_105_c.jpeg&quot;},{&quot;id&quot;:1839,&quot;url&quot;:&quot;https:\\\/\\\/www.villa-verdi.fr\\\/wp-content\\\/uploads\\\/2024\\\/02\\\/B88BBF04-0C86-41A2-9123-34CEE1012F53_1_105_c.jpeg&quot;},{&quot;id&quot;:1838,&quot;url&quot;:&quot;https:\\\/\\\/www.villa-verdi.fr\\\/wp-content\\\/uploads\\\/2024\\\/02\\\/thumb_P1020249_1024.jpg&quot;},{&quot;id&quot;:1835,&quot;url&quot;:&quot;https:\\\/\\\/www.villa-verdi.fr\\\/wp-content\\\/uploads\\\/2024\\\/02\\\/511B0B47-8470-4E24-AE78-FBB6DD1D9D42_1_105_c.jpeg&quot;},{&quot;id&quot;:1836,&quot;url&quot;:&quot;https:\\\/\\\/www.villa-verdi.fr\\\/wp-content\\\/uploads\\\/2024\\\/02\\\/3835BAFD-C29D-4ADA-94DE-374B92C6047E_1_105_c.jpeg&quot;},{&quot;id&quot;:1705,&quot;url&quot;:&quot;https:\\\/\\\/www.villa-verdi.fr\\\/wp-content\\\/uploads\\\/2024\\\/01\\\/21CD1D20-AAE0-4252-9F93-1DE57543EFFA_1_105_c.jpeg&quot;},{&quot;id&quot;:1695,&quot;url&quot;:&quot;https:\\\/\\\/www.villa-verdi.fr\\\/wp-content\\\/uploads\\\/2024\\\/01\\\/E3A48F36-65BD-4831-AC8E-684EEA0762AA_1_105_c.jpeg&quot;}],&quot;background_slideshow_loop&quot;:&quot;yes&quot;,&quot;background_slideshow_slide_duration&quot;:5000,&quot;background_slideshow_slide_transition&quot;:&quot;fade&quot;,&quot;background_slideshow_transition_duration&quot;:500}\">\n\t\t\t<div class=\"elementor-widget-wrap\">\n\t\t\t\t\t\t\t<\/div>\n\t\t<\/div>\n\t\t\t\t<div class=\"elementor-column elementor-col-33 elementor-top-column elementor-element elementor-element-f271294\" data-id=\"f271294\" data-element_type=\"column\">\n\t\t\t<div class=\"elementor-widget-wrap elementor-element-populated\">\n\t\t\t\t\t\t<div class=\"elementor-element elementor-element-5183a03 elementor-widget elementor-widget-heading\" data-id=\"5183a03\" data-element_type=\"widget\" data-widget_type=\"heading.default\">\n\t\t\t\t<div class=\"elementor-widget-container\">\n\t\t\t<style>\/*! elementor - v3.23.0 - 05-08-2024 *\/\n.elementor-heading-title{padding:0;margin:0;line-height:1}.elementor-widget-heading .elementor-heading-title[class*=elementor-size-]>a{color:inherit;font-size:inherit;line-height:inherit}.elementor-widget-heading .elementor-heading-title.elementor-size-small{font-size:15px}.elementor-widget-heading .elementor-heading-title.elementor-size-medium{font-size:19px}.elementor-widget-heading .elementor-heading-title.elementor-size-large{font-size:29px}.elementor-widget-heading .elementor-heading-title.elementor-size-xl{font-size:39px}.elementor-widget-heading .elementor-heading-title.elementor-size-xxl{font-size:59px}<\/style><h2 class=\"elementor-heading-title elementor-size-default\">D\u00e9couvrez nos appartements pour 4 personnes<\/h2>\t\t<\/div>\n\t\t\t\t<\/div>\n\t\t\t\t<div class=\"elementor-element elementor-element-2db34d1 elementor-widget elementor-widget-text-editor\" data-id=\"2db34d1\" data-element_type=\"widget\" data-widget_type=\"text-editor.default\">\n\t\t\t\t<div class=\"elementor-widget-container\">\n\t\t\t<style>\/*! elementor - v3.23.0 - 05-08-2024 *\/\n.elementor-widget-text-editor.elementor-drop-cap-view-stacked .elementor-drop-cap{background-color:#69727d;color:#fff}.elementor-widget-text-editor.elementor-drop-cap-view-framed .elementor-drop-cap{color:#69727d;border:3px solid;background-color:transparent}.elementor-widget-text-editor:not(.elementor-drop-cap-view-default) .elementor-drop-cap{margin-top:8px}.elementor-widget-text-editor:not(.elementor-drop-cap-view-default) .elementor-drop-cap-letter{width:1em;height:1em}.elementor-widget-text-editor .elementor-drop-cap{float:left;text-align:center;line-height:1;font-size:50px}.elementor-widget-text-editor .elementor-drop-cap-letter{display:inline-block}<\/style>\t\t\t\t<p>Chaque appartement dispose de sa propre entr\u00e9e de plein pied, d\u2019une terrasse et d\u2019un jardinet privatif avec une salle \u00e0 manger en teck, des chaises longues Lafuma, un BBQ au charbon WEBER.<\/p><p>Chaque appartement dispose d\u2019une cuisine enti\u00e8rement \u00e9quip\u00e9e (frigidaire, compartiment cong\u00e9lateur, lave-vaisselle, four, plaque 4 feux, hotte aspirante, cafeti\u00e8re, bouilloire..)<\/p><p>Les appartements ont tous un acc\u00e8s WIFI gratuit, la TV par le satellite ASTRA (nombreuses cha\u00eenes \u00e9trang\u00e8res), un lecteur DVD.<span class=\"Apple-converted-space\">\u00a0<\/span><\/p><p>Chaque appartement dispose d&#8217;une place de parking \u00e0 l&#8217;int\u00e9rieur de la propri\u00e9t\u00e9 close et s\u00e9curis\u00e9e<\/p>\t\t\t\t\t\t<\/div>\n\t\t\t\t<\/div>\n\t\t\t\t<section class=\"elementor-section elementor-inner-section elementor-element elementor-element-f640ff2 elementor-section-boxed elementor-section-height-default elementor-section-height-default\" data-id=\"f640ff2\" data-element_type=\"section\">\n\t\t\t\t\t\t<div class=\"elementor-container elementor-column-gap-default\">\n\t\t\t\t\t<div class=\"elementor-column elementor-col-20 elementor-inner-column elementor-element elementor-element-fc5186d\" data-id=\"fc5186d\" data-element_type=\"column\">\n\t\t\t<div class=\"elementor-widget-wrap elementor-element-populated\">\n\t\t\t\t\t\t<div class=\"elementor-element elementor-element-4e01bef elementor-widget elementor-widget-text-editor\" data-id=\"4e01bef\" data-element_type=\"widget\" data-widget_type=\"text-editor.default\">\n\t\t\t\t<div class=\"elementor-widget-container\">\n\t\t\t\t\t\t\t<p>50 m2<\/p><p>\u00a0<\/p>\t\t\t\t\t\t<\/div>\n\t\t\t\t<\/div>\n\t\t\t\t\t<\/div>\n\t\t<\/div>\n\t\t\t\t<div class=\"elementor-column elementor-col-20 elementor-inner-column elementor-element elementor-element-1840304\" data-id=\"1840304\" data-element_type=\"column\">\n\t\t\t<div class=\"elementor-widget-wrap elementor-element-populated\">\n\t\t\t\t\t\t<div class=\"elementor-element elementor-element-f5beb63 elementor-widget elementor-widget-text-editor\" data-id=\"f5beb63\" data-element_type=\"widget\" data-widget_type=\"text-editor.default\">\n\t\t\t\t<div class=\"elementor-widget-container\">\n\t\t\t\t\t\t\t<p>1 chambre<\/p><p>\u00a0<\/p>\t\t\t\t\t\t<\/div>\n\t\t\t\t<\/div>\n\t\t\t\t\t<\/div>\n\t\t<\/div>\n\t\t\t\t<div class=\"elementor-column elementor-col-20 elementor-inner-column elementor-element elementor-element-1f26203\" data-id=\"1f26203\" data-element_type=\"column\">\n\t\t\t<div class=\"elementor-widget-wrap elementor-element-populated\">\n\t\t\t\t\t\t<div class=\"elementor-element elementor-element-fdd0e93 elementor-widget elementor-widget-text-editor\" data-id=\"fdd0e93\" data-element_type=\"widget\" data-widget_type=\"text-editor.default\">\n\t\t\t\t<div class=\"elementor-widget-container\">\n\t\t\t\t\t\t\t<p>\u00a0jardin<\/p><p>privatif<\/p>\t\t\t\t\t\t<\/div>\n\t\t\t\t<\/div>\n\t\t\t\t\t<\/div>\n\t\t<\/div>\n\t\t\t\t<div class=\"elementor-column elementor-col-20 elementor-inner-column elementor-element elementor-element-0736ad1\" data-id=\"0736ad1\" data-element_type=\"column\">\n\t\t\t<div class=\"elementor-widget-wrap elementor-element-populated\">\n\t\t\t\t\t\t<div class=\"elementor-element elementor-element-05c29e7 elementor-widget elementor-widget-text-editor\" data-id=\"05c29e7\" data-element_type=\"widget\" data-widget_type=\"text-editor.default\">\n\t\t\t\t<div class=\"elementor-widget-container\">\n\t\t\t\t\t\t\t<p>Wifi<\/p><p>haut d\u00e9bit<\/p>\t\t\t\t\t\t<\/div>\n\t\t\t\t<\/div>\n\t\t\t\t\t<\/div>\n\t\t<\/div>\n\t\t\t\t<div class=\"elementor-column elementor-col-20 elementor-inner-column elementor-element elementor-element-0d81739\" data-id=\"0d81739\" data-element_type=\"column\">\n\t\t\t<div class=\"elementor-widget-wrap elementor-element-populated\">\n\t\t\t\t\t\t<div class=\"elementor-element elementor-element-bb08159 elementor-widget elementor-widget-text-editor\" data-id=\"bb08159\" data-element_type=\"widget\" data-widget_type=\"text-editor.default\">\n\t\t\t\t<div class=\"elementor-widget-container\">\n\t\t\t\t\t\t\t<p>Climatisation<\/p><p>\u00a0<\/p>\t\t\t\t\t\t<\/div>\n\t\t\t\t<\/div>\n\t\t\t\t\t<\/div>\n\t\t<\/div>\n\t\t\t\t\t<\/div>\n\t\t<\/section>\n\t\t\t\t<section class=\"elementor-section elementor-inner-section elementor-element elementor-element-4741e3d elementor-section-boxed elementor-section-height-default elementor-section-height-default\" data-id=\"4741e3d\" data-element_type=\"section\">\n\t\t\t\t\t\t<div class=\"elementor-container elementor-column-gap-default\">\n\t\t\t\t\t<div class=\"elementor-column elementor-col-50 elementor-inner-column elementor-element elementor-element-217f752\" data-id=\"217f752\" data-element_type=\"column\">\n\t\t\t<div class=\"elementor-widget-wrap elementor-element-populated\">\n\t\t\t\t\t\t<div class=\"elementor-element elementor-element-0533e87 elementor-widget elementor-widget-text-editor\" data-id=\"0533e87\" data-element_type=\"widget\" data-widget_type=\"text-editor.default\">\n\t\t\t\t<div class=\"elementor-widget-container\">\n\t\t\t\t\t\t\t<p>Acc\u00e8s buanderie\u00a0<\/p><p>Lave-linge \/ s\u00e8che linge\/ fer<\/p>\t\t\t\t\t\t<\/div>\n\t\t\t\t<\/div>\n\t\t\t\t\t<\/div>\n\t\t<\/div>\n\t\t\t\t<div class=\"elementor-column elementor-col-50 elementor-inner-column elementor-element elementor-element-5d3347e\" data-id=\"5d3347e\" data-element_type=\"column\">\n\t\t\t<div class=\"elementor-widget-wrap elementor-element-populated\">\n\t\t\t\t\t\t<div class=\"elementor-element elementor-element-e245f6a elementor-widget elementor-widget-text-editor\" data-id=\"e245f6a\" data-element_type=\"widget\" data-widget_type=\"text-editor.default\">\n\t\t\t\t<div class=\"elementor-widget-container\">\n\t\t\t\t\t\t\t<p>Salle de bains et WC ind\u00e9pendants<\/p><p>Lits faits \u00e0 l&#8217;arriv\u00e9e<\/p>\t\t\t\t\t\t<\/div>\n\t\t\t\t<\/div>\n\t\t\t\t\t<\/div>\n\t\t<\/div>\n\t\t\t\t\t<\/div>\n\t\t<\/section>\n\t\t\t\t\t<\/div>\n\t\t<\/div>\n\t\t\t\t\t<\/div>\n\t\t<\/section>\n\t\t\t\t<\/div>\n\t\t","protected":false},"excerpt":{"rendered":"<p>D\u00e9couvrez nos appartements pour 4 personnes Chaque appartement dispose de sa propre entr\u00e9e de plein pied, d\u2019une terrasse et d\u2019un jardinet privatif avec une salle \u00e0 manger en teck, des chaises longues Lafuma, un BBQ au charbon WEBER. Chaque appartement dispose d\u2019une cuisine enti\u00e8rement \u00e9quip\u00e9e (frigidaire, compartiment cong\u00e9lateur, lave-vaisselle, four, plaque 4 feux, hotte aspirante, &hellip; <\/p>\n<p class=\"link-more\"><a href=\"https:\/\/www.villa-verdi.fr\/en\/nos-maisons-4-personnes\/\" class=\"more-link\">Continue reading<span class=\"screen-reader-text\"> &#8220;Nos maisons 4 personnes&#8221;<\/span><\/a><\/p>\n","protected":false},"author":1,"featured_media":0,"parent":0,"menu_order":0,"comment_status":"closed","ping_status":"closed","template":"","meta":{"ngg_post_thumbnail":0},"_links":{"self":[{"href":"https:\/\/www.villa-verdi.fr\/en\/wp-json\/wp\/v2\/pages\/771"}],"collection":[{"href":"https:\/\/www.villa-verdi.fr\/en\/wp-json\/wp\/v2\/pages"}],"about":[{"href":"https:\/\/www.villa-verdi.fr\/en\/wp-json\/wp\/v2\/types\/page"}],"author":[{"embeddable":true,"href":"https:\/\/www.villa-verdi.fr\/en\/wp-json\/wp\/v2\/users\/1"}],"replies":[{"embeddable":true,"href":"https:\/\/www.villa-verdi.fr\/en\/wp-json\/wp\/v2\/comments?post=771"}],"version-history":[{"count":50,"href":"https:\/\/www.villa-verdi.fr\/en\/wp-json\/wp\/v2\/pages\/771\/revisions"}],"predecessor-version":[{"id":1876,"href":"https:\/\/www.villa-verdi.fr\/en\/wp-json\/wp\/v2\/pages\/771\/revisions\/1876"}],"wp:attachment":[{"href":"https:\/\/www.villa-verdi.fr\/en\/wp-json\/wp\/v2\/media?parent=771"}],"curies":[{"name":"wp","href":"https:\/\/api.w.org\/{rel}","templated":true}]}}