{"id":478,"date":"2017-01-29T16:33:40","date_gmt":"2017-01-29T15:33:40","guid":{"rendered":"http:\/\/7241d206bd.url-de-test.ws\/?page_id=478"},"modified":"2024-02-02T16:17:28","modified_gmt":"2024-02-02T15:17:28","slug":"accueil","status":"publish","type":"page","link":"https:\/\/www.villa-verdi.fr\/en\/","title":{"rendered":"Accueil"},"content":{"rendered":"\t\t<div data-elementor-type=\"wp-page\" data-elementor-id=\"478\" class=\"elementor elementor-478\">\n\t\t\t\t\t\t<section class=\"elementor-section elementor-top-section elementor-element elementor-element-f47053d elementor-section-full_width elementor-section-height-min-height elementor-section-items-stretch elementor-section-stretched elementor-section-height-default\" data-id=\"f47053d\" data-element_type=\"section\" data-settings=\"{&quot;stretch_section&quot;:&quot;section-stretched&quot;}\">\n\t\t\t\t\t\t<div class=\"elementor-container elementor-column-gap-custom\">\n\t\t\t\t\t<div class=\"elementor-column elementor-col-66 elementor-top-column elementor-element elementor-element-376d6b7\" data-id=\"376d6b7\" data-element_type=\"column\" data-settings=\"{&quot;background_background&quot;:&quot;slideshow&quot;,&quot;background_slideshow_gallery&quot;:[{&quot;id&quot;:1900,&quot;url&quot;:&quot;https:\\\/\\\/www.villa-verdi.fr\\\/wp-content\\\/uploads\\\/2024\\\/02\\\/9E7EB81D-F61D-49A7-A922-7E418AB63F56-scaled.jpeg&quot;},{&quot;id&quot;:1898,&quot;url&quot;:&quot;https:\\\/\\\/www.villa-verdi.fr\\\/wp-content\\\/uploads\\\/2024\\\/02\\\/E995DEC4-AD39-4580-A595-83528C5F5B78_1_105_c.jpeg&quot;},{&quot;id&quot;:1899,&quot;url&quot;:&quot;https:\\\/\\\/www.villa-verdi.fr\\\/wp-content\\\/uploads\\\/2024\\\/02\\\/36E7193E-FE2E-4CB8-AFE2-9F66FC76DF04_1_105_c.jpeg&quot;},{&quot;id&quot;:1897,&quot;url&quot;:&quot;https:\\\/\\\/www.villa-verdi.fr\\\/wp-content\\\/uploads\\\/2024\\\/02\\\/E43CF7DD-865E-4CDA-B6E4-77CF952545B8_1_105_c.jpeg&quot;},{&quot;id&quot;:1896,&quot;url&quot;:&quot;https:\\\/\\\/www.villa-verdi.fr\\\/wp-content\\\/uploads\\\/2024\\\/02\\\/BF1068B0-BF63-4B3F-BC6A-D33B3B1E4631_1_105_c.jpeg&quot;},{&quot;id&quot;:1895,&quot;url&quot;:&quot;https:\\\/\\\/www.villa-verdi.fr\\\/wp-content\\\/uploads\\\/2024\\\/02\\\/270A0E61-DE86-401D-AA7C-938834E77333_1_105_c.jpeg&quot;},{&quot;id&quot;:1894,&quot;url&quot;:&quot;https:\\\/\\\/www.villa-verdi.fr\\\/wp-content\\\/uploads\\\/2024\\\/02\\\/67D902F4-3F10-4566-BE24-E1BF91825A6B_1_105_c.jpeg&quot;},{&quot;id&quot;:1893,&quot;url&quot;:&quot;https:\\\/\\\/www.villa-verdi.fr\\\/wp-content\\\/uploads\\\/2024\\\/02\\\/EDC60936-F7CF-4432-A57B-25629006FA00_1_105_c.jpeg&quot;},{&quot;id&quot;:1892,&quot;url&quot;:&quot;https:\\\/\\\/www.villa-verdi.fr\\\/wp-content\\\/uploads\\\/2024\\\/02\\\/6B2AE6A0-C375-42DB-806E-ECE5175D44B6_1_105_c.jpeg&quot;},{&quot;id&quot;:1891,&quot;url&quot;:&quot;https:\\\/\\\/www.villa-verdi.fr\\\/wp-content\\\/uploads\\\/2024\\\/02\\\/2F4B0837-D11E-4857-AB7D-94E148BD314A_1_105_c.jpeg&quot;},{&quot;id&quot;:1890,&quot;url&quot;:&quot;https:\\\/\\\/www.villa-verdi.fr\\\/wp-content\\\/uploads\\\/2024\\\/02\\\/FC75A897-2901-45BA-B668-9B1F4C84AB10_1_105_c.jpeg&quot;},{&quot;id&quot;:1889,&quot;url&quot;:&quot;https:\\\/\\\/www.villa-verdi.fr\\\/wp-content\\\/uploads\\\/2024\\\/02\\\/02EB631C-0132-4993-8CBA-8DB03D1A30BB_1_105_c.jpeg&quot;}],&quot;background_slideshow_loop&quot;:&quot;yes&quot;,&quot;background_slideshow_slide_duration&quot;:5000,&quot;background_slideshow_slide_transition&quot;:&quot;fade&quot;,&quot;background_slideshow_transition_duration&quot;:500}\">\n\t\t\t<div class=\"elementor-widget-wrap\">\n\t\t\t\t\t\t\t<\/div>\n\t\t<\/div>\n\t\t\t\t<div class=\"elementor-column elementor-col-33 elementor-top-column elementor-element elementor-element-d94f866\" data-id=\"d94f866\" data-element_type=\"column\">\n\t\t\t<div class=\"elementor-widget-wrap elementor-element-populated\">\n\t\t\t\t\t\t<div class=\"elementor-element elementor-element-166d61c elementor-widget elementor-widget-heading\" data-id=\"166d61c\" data-element_type=\"widget\" data-widget_type=\"heading.default\">\n\t\t\t\t<div class=\"elementor-widget-container\">\n\t\t\t<style>\/*! elementor - v3.23.0 - 05-08-2024 *\/\n.elementor-heading-title{padding:0;margin:0;line-height:1}.elementor-widget-heading .elementor-heading-title[class*=elementor-size-]>a{color:inherit;font-size:inherit;line-height:inherit}.elementor-widget-heading .elementor-heading-title.elementor-size-small{font-size:15px}.elementor-widget-heading .elementor-heading-title.elementor-size-medium{font-size:19px}.elementor-widget-heading .elementor-heading-title.elementor-size-large{font-size:29px}.elementor-widget-heading .elementor-heading-title.elementor-size-xl{font-size:39px}.elementor-widget-heading .elementor-heading-title.elementor-size-xxl{font-size:59px}<\/style><h2 class=\"elementor-heading-title elementor-size-default\">Bienvenue en Provence<\/h2>\t\t<\/div>\n\t\t\t\t<\/div>\n\t\t\t\t<div class=\"elementor-element elementor-element-8d53cf2 elementor-widget elementor-widget-heading\" data-id=\"8d53cf2\" data-element_type=\"widget\" data-widget_type=\"heading.default\">\n\t\t\t\t<div class=\"elementor-widget-container\">\n\t\t\t<h2 class=\"elementor-heading-title elementor-size-default\">Aux portes des villages perch\u00e9s du canton de Fayence<\/h2>\t\t<\/div>\n\t\t\t\t<\/div>\n\t\t\t\t<div class=\"elementor-element elementor-element-aa3077a elementor-widget elementor-widget-text-editor\" data-id=\"aa3077a\" data-element_type=\"widget\" data-widget_type=\"text-editor.default\">\n\t\t\t\t<div class=\"elementor-widget-container\">\n\t\t\t<style>\/*! elementor - v3.23.0 - 05-08-2024 *\/\n.elementor-widget-text-editor.elementor-drop-cap-view-stacked .elementor-drop-cap{background-color:#69727d;color:#fff}.elementor-widget-text-editor.elementor-drop-cap-view-framed .elementor-drop-cap{color:#69727d;border:3px solid;background-color:transparent}.elementor-widget-text-editor:not(.elementor-drop-cap-view-default) .elementor-drop-cap{margin-top:8px}.elementor-widget-text-editor:not(.elementor-drop-cap-view-default) .elementor-drop-cap-letter{width:1em;height:1em}.elementor-widget-text-editor .elementor-drop-cap{float:left;text-align:center;line-height:1;font-size:50px}.elementor-widget-text-editor .elementor-drop-cap-letter{display:inline-block}<\/style>\t\t\t\t<p>Au coeur de la commune de Montauroux, porte d&#8217;entr\u00e9e du pays de Fayence, la Villa Verdi est le point de d\u00e9part id\u00e9al pour partir \u00e0 la d\u00e9couverte du<i> SUD DE LA FRANCE<\/i> qui offre des visages tr\u00e8s contrast\u00e9s :<\/p><p>Le canton de Fayence avec ses villages proven\u00e7aux et sa douceur de vivre, les rives du Lac de Saint Cassien, la rivi\u00e8re de la Siagne&#8230;<\/p><p>Mais aussi la C\u00f4te d&#8217;Azur avec ses villes mythiques et glamour : Cannes, Monaco, Saint-Tropez, Grasse, Nice<\/p><p>Les villages de l&#8217;arri\u00e8re pays : Mougins, Saint-Paul de Vence, Biot, Eze Village &#8230;<\/p><p>Et ses plages au pied des falaises de l&#8217;Est\u00e9rel<\/p>\t\t\t\t\t\t<\/div>\n\t\t\t\t<\/div>\n\t\t\t\t<div class=\"elementor-element elementor-element-e0d5a77 elementor-widget elementor-widget-heading\" data-id=\"e0d5a77\" data-element_type=\"widget\" data-widget_type=\"heading.default\">\n\t\t\t\t<div class=\"elementor-widget-container\">\n\t\t\t<h2 class=\"elementor-heading-title elementor-size-default\">Nous vous accueillons pour vos week-ends, vos vacances et longs s\u00e9jours<\/h2>\t\t<\/div>\n\t\t\t\t<\/div>\n\t\t\t\t<div class=\"elementor-element elementor-element-f64ded9 elementor-widget elementor-widget-heading\" data-id=\"f64ded9\" data-element_type=\"widget\" data-widget_type=\"heading.default\">\n\t\t\t\t<div class=\"elementor-widget-container\">\n\t\t\t<h2 class=\"elementor-heading-title elementor-size-default\">Go\u00fbter \u00e0 la douceur de vivre en Provence ,\nCalme, d\u00e9tente et d\u00e9couverte<\/h2>\t\t<\/div>\n\t\t\t\t<\/div>\n\t\t\t\t\t<\/div>\n\t\t<\/div>\n\t\t\t\t\t<\/div>\n\t\t<\/section>\n\t\t\t\t<\/div>\n\t\t","protected":false},"excerpt":{"rendered":"<p>Bienvenue en Provence Aux portes des villages perch\u00e9s du canton de Fayence Au coeur de la commune de Montauroux, porte d&#8217;entr\u00e9e du pays de Fayence, la Villa Verdi est le point de d\u00e9part id\u00e9al pour partir \u00e0 la d\u00e9couverte du SUD DE LA FRANCE qui offre des visages tr\u00e8s contrast\u00e9s : Le canton de Fayence &hellip; <\/p>\n<p class=\"link-more\"><a href=\"https:\/\/www.villa-verdi.fr\/en\/\" class=\"more-link\">Continue reading<span class=\"screen-reader-text\"> &#8220;Accueil&#8221;<\/span><\/a><\/p>\n","protected":false},"author":1,"featured_media":0,"parent":0,"menu_order":0,"comment_status":"closed","ping_status":"closed","template":"","meta":{"ngg_post_thumbnail":0},"_links":{"self":[{"href":"https:\/\/www.villa-verdi.fr\/en\/wp-json\/wp\/v2\/pages\/478"}],"collection":[{"href":"https:\/\/www.villa-verdi.fr\/en\/wp-json\/wp\/v2\/pages"}],"about":[{"href":"https:\/\/www.villa-verdi.fr\/en\/wp-json\/wp\/v2\/types\/page"}],"author":[{"embeddable":true,"href":"https:\/\/www.villa-verdi.fr\/en\/wp-json\/wp\/v2\/users\/1"}],"replies":[{"embeddable":true,"href":"https:\/\/www.villa-verdi.fr\/en\/wp-json\/wp\/v2\/comments?post=478"}],"version-history":[{"count":133,"href":"https:\/\/www.villa-verdi.fr\/en\/wp-json\/wp\/v2\/pages\/478\/revisions"}],"predecessor-version":[{"id":1903,"href":"https:\/\/www.villa-verdi.fr\/en\/wp-json\/wp\/v2\/pages\/478\/revisions\/1903"}],"wp:attachment":[{"href":"https:\/\/www.villa-verdi.fr\/en\/wp-json\/wp\/v2\/media?parent=478"}],"curies":[{"name":"wp","href":"https:\/\/api.w.org\/{rel}","templated":true}]}}