{"id":451,"date":"2017-01-28T19:19:10","date_gmt":"2017-01-28T18:19:10","guid":{"rendered":"http:\/\/7241d206bd.url-de-test.ws\/?page_id=451"},"modified":"2024-02-02T14:53:29","modified_gmt":"2024-02-02T13:53:29","slug":"nos-maisons-6-personnes","status":"publish","type":"page","link":"https:\/\/www.villa-verdi.fr\/en\/nos-maisons-6-personnes\/","title":{"rendered":"Nos maisons 6 personnes"},"content":{"rendered":"\t\t<div data-elementor-type=\"wp-page\" data-elementor-id=\"451\" class=\"elementor elementor-451\">\n\t\t\t\t\t\t<section class=\"elementor-section elementor-top-section elementor-element elementor-element-0467d89 elementor-section-full_width elementor-section-height-min-height elementor-section-items-stretch elementor-section-stretched elementor-section-height-default\" data-id=\"0467d89\" data-element_type=\"section\" data-settings=\"{&quot;stretch_section&quot;:&quot;section-stretched&quot;,&quot;background_background&quot;:&quot;slideshow&quot;,&quot;background_slideshow_gallery&quot;:[],&quot;background_slideshow_loop&quot;:&quot;yes&quot;,&quot;background_slideshow_slide_duration&quot;:5000,&quot;background_slideshow_slide_transition&quot;:&quot;fade&quot;,&quot;background_slideshow_transition_duration&quot;:500}\">\n\t\t\t\t\t\t<div class=\"elementor-container elementor-column-gap-custom\">\n\t\t\t\t\t<div class=\"elementor-column elementor-col-66 elementor-top-column elementor-element elementor-element-0f1a492\" data-id=\"0f1a492\" data-element_type=\"column\" data-settings=\"{&quot;background_background&quot;:&quot;slideshow&quot;,&quot;background_slideshow_gallery&quot;:[{&quot;id&quot;:1870,&quot;url&quot;:&quot;https:\\\/\\\/www.villa-verdi.fr\\\/wp-content\\\/uploads\\\/2024\\\/02\\\/1D0E7485-D387-4AE7-B05D-333E134F6DDC_1_105_c.jpeg&quot;},{&quot;id&quot;:1867,&quot;url&quot;:&quot;https:\\\/\\\/www.villa-verdi.fr\\\/wp-content\\\/uploads\\\/2024\\\/02\\\/992297EA-D575-4B00-BF0B-E200780016C6_1_105_c-1.jpeg&quot;},{&quot;id&quot;:1872,&quot;url&quot;:&quot;https:\\\/\\\/www.villa-verdi.fr\\\/wp-content\\\/uploads\\\/2024\\\/02\\\/7334FD8C-1E23-4CFA-9B31-46F638850086_1_105_c.jpeg&quot;},{&quot;id&quot;:1254,&quot;url&quot;:&quot;https:\\\/\\\/www.villa-verdi.fr\\\/wp-content\\\/uploads\\\/2019\\\/02\\\/P1020261.jpg&quot;},{&quot;id&quot;:1871,&quot;url&quot;:&quot;https:\\\/\\\/www.villa-verdi.fr\\\/wp-content\\\/uploads\\\/2024\\\/02\\\/EEB54EE9-6939-46F3-80BB-3A3A70563279_1_105_c.jpeg&quot;},{&quot;id&quot;:1869,&quot;url&quot;:&quot;https:\\\/\\\/www.villa-verdi.fr\\\/wp-content\\\/uploads\\\/2024\\\/02\\\/E7C9E3CF-3A40-45D6-B9BC-E9C2A7BF6082_1_105_c-1.jpeg&quot;},{&quot;id&quot;:1868,&quot;url&quot;:&quot;https:\\\/\\\/www.villa-verdi.fr\\\/wp-content\\\/uploads\\\/2024\\\/02\\\/3673827D-AB98-4253-9780-B86C9A6B76E3_1_105_c-1.jpeg&quot;},{&quot;id&quot;:1866,&quot;url&quot;:&quot;https:\\\/\\\/www.villa-verdi.fr\\\/wp-content\\\/uploads\\\/2024\\\/02\\\/656B5750-39F8-485A-8E04-7810DE1DC8D1_1_105_c-1.jpeg&quot;},{&quot;id&quot;:1865,&quot;url&quot;:&quot;https:\\\/\\\/www.villa-verdi.fr\\\/wp-content\\\/uploads\\\/2024\\\/02\\\/3306E968-5646-477A-AEF2-148D0C70A5A4_1_105_c-1.jpeg&quot;}],&quot;background_slideshow_loop&quot;:&quot;yes&quot;,&quot;background_slideshow_slide_duration&quot;:5000,&quot;background_slideshow_slide_transition&quot;:&quot;fade&quot;,&quot;background_slideshow_transition_duration&quot;:500}\">\n\t\t\t<div class=\"elementor-widget-wrap\">\n\t\t\t\t\t\t\t<\/div>\n\t\t<\/div>\n\t\t\t\t<div class=\"elementor-column elementor-col-33 elementor-top-column elementor-element elementor-element-ceef043\" data-id=\"ceef043\" data-element_type=\"column\">\n\t\t\t<div class=\"elementor-widget-wrap elementor-element-populated\">\n\t\t\t\t\t\t<div class=\"elementor-element elementor-element-310b862 elementor-widget elementor-widget-heading\" data-id=\"310b862\" data-element_type=\"widget\" data-widget_type=\"heading.default\">\n\t\t\t\t<div class=\"elementor-widget-container\">\n\t\t\t<style>\/*! elementor - v3.23.0 - 05-08-2024 *\/\n.elementor-heading-title{padding:0;margin:0;line-height:1}.elementor-widget-heading .elementor-heading-title[class*=elementor-size-]>a{color:inherit;font-size:inherit;line-height:inherit}.elementor-widget-heading .elementor-heading-title.elementor-size-small{font-size:15px}.elementor-widget-heading .elementor-heading-title.elementor-size-medium{font-size:19px}.elementor-widget-heading .elementor-heading-title.elementor-size-large{font-size:29px}.elementor-widget-heading .elementor-heading-title.elementor-size-xl{font-size:39px}.elementor-widget-heading .elementor-heading-title.elementor-size-xxl{font-size:59px}<\/style><h2 class=\"elementor-heading-title elementor-size-default\">D\u00e9couvrez nos appartements pour 6 personnes<\/h2>\t\t<\/div>\n\t\t\t\t<\/div>\n\t\t\t\t<div class=\"elementor-element elementor-element-ced73a5 elementor-widget elementor-widget-text-editor\" data-id=\"ced73a5\" data-element_type=\"widget\" data-widget_type=\"text-editor.default\">\n\t\t\t\t<div class=\"elementor-widget-container\">\n\t\t\t<style>\/*! elementor - v3.23.0 - 05-08-2024 *\/\n.elementor-widget-text-editor.elementor-drop-cap-view-stacked .elementor-drop-cap{background-color:#69727d;color:#fff}.elementor-widget-text-editor.elementor-drop-cap-view-framed .elementor-drop-cap{color:#69727d;border:3px solid;background-color:transparent}.elementor-widget-text-editor:not(.elementor-drop-cap-view-default) .elementor-drop-cap{margin-top:8px}.elementor-widget-text-editor:not(.elementor-drop-cap-view-default) .elementor-drop-cap-letter{width:1em;height:1em}.elementor-widget-text-editor .elementor-drop-cap{float:left;text-align:center;line-height:1;font-size:50px}.elementor-widget-text-editor .elementor-drop-cap-letter{display:inline-block}<\/style>\t\t\t\t<p>Chaque appartement dispose de sa propre entr\u00e9e de plein pied, d\u2019une terrasse et d\u2019un jardinet privatif avec une salle \u00e0 manger en teck, des chaises longues Lafuma, un BBQ au charbon WEBER.<\/p><p>Chaque appartement dispose d\u2019une cuisine enti\u00e8rement \u00e9quip\u00e9e (frigidaire, compartiment cong\u00e9lateur, lave-vaisselle, four, plaque 4 feux, hotte aspirante, cafeti\u00e8re, bouilloire..)<\/p><p>Les appartements ont tous un acc\u00e8s WIFI gratuit, la TV par le satellite ASTRA (nombreuses cha\u00eenes \u00e9trang\u00e8res), un lecteur DVD.<span class=\"Apple-converted-space\">\u00a0<\/span><\/p><p>Chaque appartement dispose d&#8217;une place de parking \u00e0 l&#8217;int\u00e9rieur de la propri\u00e9t\u00e9 close et s\u00e9curis\u00e9e<\/p>\t\t\t\t\t\t<\/div>\n\t\t\t\t<\/div>\n\t\t\t\t<section class=\"elementor-section elementor-inner-section elementor-element elementor-element-c742337 elementor-section-boxed elementor-section-height-default elementor-section-height-default\" data-id=\"c742337\" data-element_type=\"section\">\n\t\t\t\t\t\t<div class=\"elementor-container elementor-column-gap-default\">\n\t\t\t\t\t<div class=\"elementor-column elementor-col-20 elementor-inner-column elementor-element elementor-element-7b937ff\" data-id=\"7b937ff\" data-element_type=\"column\">\n\t\t\t<div class=\"elementor-widget-wrap elementor-element-populated\">\n\t\t\t\t\t\t<div class=\"elementor-element elementor-element-bfb3de8 elementor-widget elementor-widget-text-editor\" data-id=\"bfb3de8\" data-element_type=\"widget\" data-widget_type=\"text-editor.default\">\n\t\t\t\t<div class=\"elementor-widget-container\">\n\t\t\t\t\t\t\t<p>60 m2<\/p><p>\u00a0<\/p>\t\t\t\t\t\t<\/div>\n\t\t\t\t<\/div>\n\t\t\t\t\t<\/div>\n\t\t<\/div>\n\t\t\t\t<div class=\"elementor-column elementor-col-20 elementor-inner-column elementor-element elementor-element-4c2bda8\" data-id=\"4c2bda8\" data-element_type=\"column\">\n\t\t\t<div class=\"elementor-widget-wrap elementor-element-populated\">\n\t\t\t\t\t\t<div class=\"elementor-element elementor-element-cdcb8a3 elementor-widget elementor-widget-text-editor\" data-id=\"cdcb8a3\" data-element_type=\"widget\" data-widget_type=\"text-editor.default\">\n\t\t\t\t<div class=\"elementor-widget-container\">\n\t\t\t\t\t\t\t<p>2chambres<\/p>\t\t\t\t\t\t<\/div>\n\t\t\t\t<\/div>\n\t\t\t\t\t<\/div>\n\t\t<\/div>\n\t\t\t\t<div class=\"elementor-column elementor-col-20 elementor-inner-column elementor-element elementor-element-90b452e\" data-id=\"90b452e\" data-element_type=\"column\">\n\t\t\t<div class=\"elementor-widget-wrap elementor-element-populated\">\n\t\t\t\t\t\t<div class=\"elementor-element elementor-element-bbaa7a4 elementor-widget elementor-widget-text-editor\" data-id=\"bbaa7a4\" data-element_type=\"widget\" data-widget_type=\"text-editor.default\">\n\t\t\t\t<div class=\"elementor-widget-container\">\n\t\t\t\t\t\t\t<p>\u00a0jardin<\/p><p>privatif<\/p>\t\t\t\t\t\t<\/div>\n\t\t\t\t<\/div>\n\t\t\t\t\t<\/div>\n\t\t<\/div>\n\t\t\t\t<div class=\"elementor-column elementor-col-20 elementor-inner-column elementor-element elementor-element-9c63cd7\" data-id=\"9c63cd7\" data-element_type=\"column\">\n\t\t\t<div class=\"elementor-widget-wrap elementor-element-populated\">\n\t\t\t\t\t\t<div class=\"elementor-element elementor-element-935115d elementor-widget elementor-widget-text-editor\" data-id=\"935115d\" data-element_type=\"widget\" data-widget_type=\"text-editor.default\">\n\t\t\t\t<div class=\"elementor-widget-container\">\n\t\t\t\t\t\t\t<p>Wifi<\/p><p>haut d\u00e9bit<\/p>\t\t\t\t\t\t<\/div>\n\t\t\t\t<\/div>\n\t\t\t\t\t<\/div>\n\t\t<\/div>\n\t\t\t\t<div class=\"elementor-column elementor-col-20 elementor-inner-column elementor-element elementor-element-3bf8a3d\" data-id=\"3bf8a3d\" data-element_type=\"column\">\n\t\t\t<div class=\"elementor-widget-wrap elementor-element-populated\">\n\t\t\t\t\t\t<div class=\"elementor-element elementor-element-4ae9e21 elementor-widget elementor-widget-text-editor\" data-id=\"4ae9e21\" data-element_type=\"widget\" data-widget_type=\"text-editor.default\">\n\t\t\t\t<div class=\"elementor-widget-container\">\n\t\t\t\t\t\t\t<p>Climatisation<\/p><p>\u00a0<\/p>\t\t\t\t\t\t<\/div>\n\t\t\t\t<\/div>\n\t\t\t\t\t<\/div>\n\t\t<\/div>\n\t\t\t\t\t<\/div>\n\t\t<\/section>\n\t\t\t\t<section class=\"elementor-section elementor-inner-section elementor-element elementor-element-9186b4b elementor-section-boxed elementor-section-height-default elementor-section-height-default\" data-id=\"9186b4b\" data-element_type=\"section\">\n\t\t\t\t\t\t<div class=\"elementor-container elementor-column-gap-default\">\n\t\t\t\t\t<div class=\"elementor-column elementor-col-50 elementor-inner-column elementor-element elementor-element-7e6f869\" data-id=\"7e6f869\" data-element_type=\"column\">\n\t\t\t<div class=\"elementor-widget-wrap elementor-element-populated\">\n\t\t\t\t\t\t<div class=\"elementor-element elementor-element-4bd753e elementor-widget elementor-widget-text-editor\" data-id=\"4bd753e\" data-element_type=\"widget\" data-widget_type=\"text-editor.default\">\n\t\t\t\t<div class=\"elementor-widget-container\">\n\t\t\t\t\t\t\t<p>Acc\u00e8s buanderie\u00a0<\/p><p>Lave-linge \/ s\u00e8che linge\/ fer<\/p>\t\t\t\t\t\t<\/div>\n\t\t\t\t<\/div>\n\t\t\t\t\t<\/div>\n\t\t<\/div>\n\t\t\t\t<div class=\"elementor-column elementor-col-50 elementor-inner-column elementor-element elementor-element-fc7ad7e\" data-id=\"fc7ad7e\" data-element_type=\"column\">\n\t\t\t<div class=\"elementor-widget-wrap elementor-element-populated\">\n\t\t\t\t\t\t<div class=\"elementor-element elementor-element-a38cdf4 elementor-widget elementor-widget-text-editor\" data-id=\"a38cdf4\" data-element_type=\"widget\" data-widget_type=\"text-editor.default\">\n\t\t\t\t<div class=\"elementor-widget-container\">\n\t\t\t\t\t\t\t<p>Salle de bains et WC ind\u00e9pendants<\/p><p>Lits faits \u00e0 l&#8217;arriv\u00e9e<\/p>\t\t\t\t\t\t<\/div>\n\t\t\t\t<\/div>\n\t\t\t\t\t<\/div>\n\t\t<\/div>\n\t\t\t\t\t<\/div>\n\t\t<\/section>\n\t\t\t\t\t<\/div>\n\t\t<\/div>\n\t\t\t\t\t<\/div>\n\t\t<\/section>\n\t\t\t\t<\/div>\n\t\t","protected":false},"excerpt":{"rendered":"<p>D\u00e9couvrez nos appartements pour 6 personnes Chaque appartement dispose de sa propre entr\u00e9e de plein pied, d\u2019une terrasse et d\u2019un jardinet privatif avec une salle \u00e0 manger en teck, des chaises longues Lafuma, un BBQ au charbon WEBER. Chaque appartement dispose d\u2019une cuisine enti\u00e8rement \u00e9quip\u00e9e (frigidaire, compartiment cong\u00e9lateur, lave-vaisselle, four, plaque 4 feux, hotte aspirante, &hellip; <\/p>\n<p class=\"link-more\"><a href=\"https:\/\/www.villa-verdi.fr\/en\/nos-maisons-6-personnes\/\" class=\"more-link\">Continue reading<span class=\"screen-reader-text\"> &#8220;Nos maisons 6 personnes&#8221;<\/span><\/a><\/p>\n","protected":false},"author":1,"featured_media":0,"parent":0,"menu_order":0,"comment_status":"closed","ping_status":"closed","template":"","meta":{"ngg_post_thumbnail":0},"_links":{"self":[{"href":"https:\/\/www.villa-verdi.fr\/en\/wp-json\/wp\/v2\/pages\/451"}],"collection":[{"href":"https:\/\/www.villa-verdi.fr\/en\/wp-json\/wp\/v2\/pages"}],"about":[{"href":"https:\/\/www.villa-verdi.fr\/en\/wp-json\/wp\/v2\/types\/page"}],"author":[{"embeddable":true,"href":"https:\/\/www.villa-verdi.fr\/en\/wp-json\/wp\/v2\/users\/1"}],"replies":[{"embeddable":true,"href":"https:\/\/www.villa-verdi.fr\/en\/wp-json\/wp\/v2\/comments?post=451"}],"version-history":[{"count":26,"href":"https:\/\/www.villa-verdi.fr\/en\/wp-json\/wp\/v2\/pages\/451\/revisions"}],"predecessor-version":[{"id":1887,"href":"https:\/\/www.villa-verdi.fr\/en\/wp-json\/wp\/v2\/pages\/451\/revisions\/1887"}],"wp:attachment":[{"href":"https:\/\/www.villa-verdi.fr\/en\/wp-json\/wp\/v2\/media?parent=451"}],"curies":[{"name":"wp","href":"https:\/\/api.w.org\/{rel}","templated":true}]}}