{"id":442,"date":"2017-01-28T19:06:54","date_gmt":"2017-01-28T18:06:54","guid":{"rendered":"http:\/\/7241d206bd.url-de-test.ws\/?page_id=442"},"modified":"2020-01-29T17:12:31","modified_gmt":"2020-01-29T16:12:31","slug":"notre-region","status":"publish","type":"page","link":"https:\/\/www.villa-verdi.fr\/en\/notre-region\/","title":{"rendered":"Notre r\u00e9gion"},"content":{"rendered":"<p>Profitez d&#8217;une situation privil\u00e9gi\u00e9e, d&#8217;un ensoleillement exceptionnel pour d\u00e9couvrir le Var et les Alpes Maritimes, Montauroux est un point de d\u00e9part id\u00e9al <strong>gr\u00e2ce \u00e0 l&#8217;acc\u00e8s autoroute \u00e0 15 mn<\/strong><\/p>\n\n\n<div class=\"ngg-galleryoverview ngg-slideshow\"\n\t id=\"ngg-slideshow-303f751c1ee023c093b7379e375c1b6c-20928708350\"\n     data-gallery-id=\"303f751c1ee023c093b7379e375c1b6c\"\n     style=\"max-width: 700px; max-height: 500px;\">\n\n \t<div id=\"ngg-image-0\" class=\"ngg-gallery-slideshow-image\" style=\"height:500px\">\n\n        <a href=\"https:\/\/www.villa-verdi.fr\/wp-content\/gallery\/la-region\/place-du-clos-SM0.JPG\"\n           title=\"\"\n           data-src=\"https:\/\/www.villa-verdi.fr\/wp-content\/gallery\/la-region\/place-du-clos-SM0.JPG\"\n           data-thumbnail=\"https:\/\/www.villa-verdi.fr\/wp-content\/gallery\/la-region\/thumbs\/thumbs_place-du-clos-SM0.JPG\"\n           data-image-id=\"253\"\n           data-title=\"MONTAUROUX PLACE DU CLOS\"\n           data-description=\"\"\n           class=\"ngg-fancybox\" rel=\"303f751c1ee023c093b7379e375c1b6c\">\n\n            <img data-image-id='253'\n                 title=\"\"\n                 alt=\"MONTAUROUX PLACE DU CLOS\"\n                 src=\"https:\/\/www.villa-verdi.fr\/wp-content\/gallery\/la-region\/place-du-clos-SM0.JPG\"\n                 style=\"max-height: 480px;\"\/>\n        <\/a>\n\n        <\/div> \n<div id=\"ngg-image-1\" class=\"ngg-gallery-slideshow-image\" style=\"height:500px\">\n\n        <a href=\"https:\/\/www.villa-verdi.fr\/wp-content\/gallery\/la-region\/PHOTOS-TOURISTIQUES-MONTAUROUX-002.JPG\"\n           title=\"\"\n           data-src=\"https:\/\/www.villa-verdi.fr\/wp-content\/gallery\/la-region\/PHOTOS-TOURISTIQUES-MONTAUROUX-002.JPG\"\n           data-thumbnail=\"https:\/\/www.villa-verdi.fr\/wp-content\/gallery\/la-region\/thumbs\/thumbs_PHOTOS-TOURISTIQUES-MONTAUROUX-002.JPG\"\n           data-image-id=\"254\"\n           data-title=\"MONTAUROUX CHAPELLE ST BARTHELEMY\"\n           data-description=\"\"\n           class=\"ngg-fancybox\" rel=\"303f751c1ee023c093b7379e375c1b6c\">\n\n            <img data-image-id='254'\n                 title=\"\"\n                 alt=\"MONTAUROUX CHAPELLE ST BARTHELEMY\"\n                 src=\"https:\/\/www.villa-verdi.fr\/wp-content\/gallery\/la-region\/PHOTOS-TOURISTIQUES-MONTAUROUX-002.JPG\"\n                 style=\"max-height: 480px;\"\/>\n        <\/a>\n\n        <\/div> \n<div id=\"ngg-image-2\" class=\"ngg-gallery-slideshow-image\" style=\"height:500px\">\n\n        <a href=\"https:\/\/www.villa-verdi.fr\/wp-content\/gallery\/la-region\/PHOTOS-TOURISTIQUES-MONTAUROUX-009.JPG\"\n           title=\"\"\n           data-src=\"https:\/\/www.villa-verdi.fr\/wp-content\/gallery\/la-region\/PHOTOS-TOURISTIQUES-MONTAUROUX-009.JPG\"\n           data-thumbnail=\"https:\/\/www.villa-verdi.fr\/wp-content\/gallery\/la-region\/thumbs\/thumbs_PHOTOS-TOURISTIQUES-MONTAUROUX-009.JPG\"\n           data-image-id=\"255\"\n           data-title=\"CALLIAN\"\n           data-description=\"\"\n           class=\"ngg-fancybox\" rel=\"303f751c1ee023c093b7379e375c1b6c\">\n\n            <img data-image-id='255'\n                 title=\"\"\n                 alt=\"CALLIAN\"\n                 src=\"https:\/\/www.villa-verdi.fr\/wp-content\/gallery\/la-region\/PHOTOS-TOURISTIQUES-MONTAUROUX-009.JPG\"\n                 style=\"max-height: 480px;\"\/>\n        <\/a>\n\n        <\/div> \n<div id=\"ngg-image-3\" class=\"ngg-gallery-slideshow-image\" style=\"height:500px\">\n\n        <a href=\"https:\/\/www.villa-verdi.fr\/wp-content\/gallery\/la-region\/PHOTOS-TOURISTIQUES-MONTAUROUX-012.JPG\"\n           title=\"\"\n           data-src=\"https:\/\/www.villa-verdi.fr\/wp-content\/gallery\/la-region\/PHOTOS-TOURISTIQUES-MONTAUROUX-012.JPG\"\n           data-thumbnail=\"https:\/\/www.villa-verdi.fr\/wp-content\/gallery\/la-region\/thumbs\/thumbs_PHOTOS-TOURISTIQUES-MONTAUROUX-012.JPG\"\n           data-image-id=\"256\"\n           data-title=\"MONTAUROUX CHAPELLE ST BARTHELEMY\"\n           data-description=\"\"\n           class=\"ngg-fancybox\" rel=\"303f751c1ee023c093b7379e375c1b6c\">\n\n            <img data-image-id='256'\n                 title=\"\"\n                 alt=\"MONTAUROUX CHAPELLE ST BARTHELEMY\"\n                 src=\"https:\/\/www.villa-verdi.fr\/wp-content\/gallery\/la-region\/PHOTOS-TOURISTIQUES-MONTAUROUX-012.JPG\"\n                 style=\"max-height: 480px;\"\/>\n        <\/a>\n\n        <\/div> \n<div id=\"ngg-image-4\" class=\"ngg-gallery-slideshow-image\" style=\"height:500px\">\n\n        <a href=\"https:\/\/www.villa-verdi.fr\/wp-content\/gallery\/la-region\/photos-touristiques-002.JPG\"\n           title=\"\"\n           data-src=\"https:\/\/www.villa-verdi.fr\/wp-content\/gallery\/la-region\/photos-touristiques-002.JPG\"\n           data-thumbnail=\"https:\/\/www.villa-verdi.fr\/wp-content\/gallery\/la-region\/thumbs\/thumbs_photos-touristiques-002.JPG\"\n           data-image-id=\"257\"\n           data-title=\"MONTAUROUX LAC ST CASSIEN\"\n           data-description=\"\"\n           class=\"ngg-fancybox\" rel=\"303f751c1ee023c093b7379e375c1b6c\">\n\n            <img data-image-id='257'\n                 title=\"\"\n                 alt=\"MONTAUROUX LAC ST CASSIEN\"\n                 src=\"https:\/\/www.villa-verdi.fr\/wp-content\/gallery\/la-region\/photos-touristiques-002.JPG\"\n                 style=\"max-height: 480px;\"\/>\n        <\/a>\n\n        <\/div> \n<div id=\"ngg-image-5\" class=\"ngg-gallery-slideshow-image\" style=\"height:500px\">\n\n        <a href=\"https:\/\/www.villa-verdi.fr\/wp-content\/gallery\/la-region\/PHOTOS-TOURISTIQUES-001-2.JPG\"\n           title=\"\"\n           data-src=\"https:\/\/www.villa-verdi.fr\/wp-content\/gallery\/la-region\/PHOTOS-TOURISTIQUES-001-2.JPG\"\n           data-thumbnail=\"https:\/\/www.villa-verdi.fr\/wp-content\/gallery\/la-region\/thumbs\/thumbs_PHOTOS-TOURISTIQUES-001-2.JPG\"\n           data-image-id=\"258\"\n           data-title=\"FAYENCE\"\n           data-description=\"\"\n           class=\"ngg-fancybox\" rel=\"303f751c1ee023c093b7379e375c1b6c\">\n\n            <img data-image-id='258'\n                 title=\"\"\n                 alt=\"FAYENCE\"\n                 src=\"https:\/\/www.villa-verdi.fr\/wp-content\/gallery\/la-region\/PHOTOS-TOURISTIQUES-001-2.JPG\"\n                 style=\"max-height: 480px;\"\/>\n        <\/a>\n\n        <\/div> \n<div id=\"ngg-image-6\" class=\"ngg-gallery-slideshow-image\" style=\"height:500px\">\n\n        <a href=\"https:\/\/www.villa-verdi.fr\/wp-content\/gallery\/la-region\/pays-de-fayence.JPG\"\n           title=\"\"\n           data-src=\"https:\/\/www.villa-verdi.fr\/wp-content\/gallery\/la-region\/pays-de-fayence.JPG\"\n           data-thumbnail=\"https:\/\/www.villa-verdi.fr\/wp-content\/gallery\/la-region\/thumbs\/thumbs_pays-de-fayence.JPG\"\n           data-image-id=\"259\"\n           data-title=\"pays de fayence\"\n           data-description=\"\"\n           class=\"ngg-fancybox\" rel=\"303f751c1ee023c093b7379e375c1b6c\">\n\n            <img data-image-id='259'\n                 title=\"\"\n                 alt=\"pays de fayence\"\n                 src=\"https:\/\/www.villa-verdi.fr\/wp-content\/gallery\/la-region\/pays-de-fayence.JPG\"\n                 style=\"max-height: 480px;\"\/>\n        <\/a>\n\n        <\/div> \n<div id=\"ngg-image-7\" class=\"ngg-gallery-slideshow-image\" style=\"height:500px\">\n\n        <a href=\"https:\/\/www.villa-verdi.fr\/wp-content\/gallery\/la-region\/20150713_121304.jpg\"\n           title=\"\"\n           data-src=\"https:\/\/www.villa-verdi.fr\/wp-content\/gallery\/la-region\/20150713_121304.jpg\"\n           data-thumbnail=\"https:\/\/www.villa-verdi.fr\/wp-content\/gallery\/la-region\/thumbs\/thumbs_20150713_121304.jpg\"\n           data-image-id=\"260\"\n           data-title=\"20150713_121304\"\n           data-description=\"\"\n           class=\"ngg-fancybox\" rel=\"303f751c1ee023c093b7379e375c1b6c\">\n\n            <img data-image-id='260'\n                 title=\"\"\n                 alt=\"20150713_121304\"\n                 src=\"https:\/\/www.villa-verdi.fr\/wp-content\/gallery\/la-region\/20150713_121304.jpg\"\n                 style=\"max-height: 480px;\"\/>\n        <\/a>\n\n        <\/div> \n<div id=\"ngg-image-8\" class=\"ngg-gallery-slideshow-image\" style=\"height:500px\">\n\n        <a href=\"https:\/\/www.villa-verdi.fr\/wp-content\/gallery\/la-region\/Image-45.jpg\"\n           title=\"\"\n           data-src=\"https:\/\/www.villa-verdi.fr\/wp-content\/gallery\/la-region\/Image-45.jpg\"\n           data-thumbnail=\"https:\/\/www.villa-verdi.fr\/wp-content\/gallery\/la-region\/thumbs\/thumbs_Image-45.jpg\"\n           data-image-id=\"261\"\n           data-title=\"Image 45\"\n           data-description=\"\"\n           class=\"ngg-fancybox\" rel=\"303f751c1ee023c093b7379e375c1b6c\">\n\n            <img data-image-id='261'\n                 title=\"\"\n                 alt=\"Image 45\"\n                 src=\"https:\/\/www.villa-verdi.fr\/wp-content\/gallery\/la-region\/Image-45.jpg\"\n                 style=\"max-height: 480px;\"\/>\n        <\/a>\n\n        <\/div> \n<\/div>\n\n\n\n\n<p><a href=\"http:\/\/7241d206bd.url-de-test.ws\/le-pays-de-fayence-ses-villages-perches\/\">D\u00e9couvrez les villages perch\u00e9s Pays de Fayence<\/a>,<\/p>\n<p>Les villes mythiques (Cannes, Monaco, Grasse, St Tropez&#8230;)<\/p>\n<p>Pratiquez le v\u00e9lo, la randonn\u00e9e \u00e0 pied, \u00e0 cheval, le rafting, le canot au travers de sites naturels exceptionnels et d&#8217;une diversit\u00e9 rare<\/p>\n<p>Farniente et sports nautiques &nbsp;: le Lac de St Cassien \u00e0 10 mn, les plages de Cannes \u00e0 Fr\u00e9jus \u00e0 30 mn<\/p>\n<p>&nbsp;<\/p>","protected":false},"excerpt":{"rendered":"<p>Profitez d&#8217;une situation privil\u00e9gi\u00e9e, d&#8217;un ensoleillement exceptionnel pour d\u00e9couvrir le Var et les Alpes Maritimes, Montauroux est un point de d\u00e9part id\u00e9al gr\u00e2ce \u00e0 l&#8217;acc\u00e8s autoroute \u00e0 15 mn &#8221; order_by=&#8221;sortorder&#8221; order_direction=&#8221;ASC&#8221; returns=&#8221;included&#8221; maximum_entity_count=&#8221;500&#8243;] D\u00e9couvrez les villages perch\u00e9s Pays de Fayence, Les villes mythiques (Cannes, Monaco, Grasse, St Tropez&#8230;) Pratiquez le v\u00e9lo, la randonn\u00e9e \u00e0 &hellip; <\/p>\n<p class=\"link-more\"><a href=\"https:\/\/www.villa-verdi.fr\/en\/notre-region\/\" class=\"more-link\">Continue reading<span class=\"screen-reader-text\"> &#8220;Notre r\u00e9gion&#8221;<\/span><\/a><\/p>\n","protected":false},"author":1,"featured_media":0,"parent":0,"menu_order":0,"comment_status":"closed","ping_status":"closed","template":"","meta":{"ngg_post_thumbnail":0},"_links":{"self":[{"href":"https:\/\/www.villa-verdi.fr\/en\/wp-json\/wp\/v2\/pages\/442"}],"collection":[{"href":"https:\/\/www.villa-verdi.fr\/en\/wp-json\/wp\/v2\/pages"}],"about":[{"href":"https:\/\/www.villa-verdi.fr\/en\/wp-json\/wp\/v2\/types\/page"}],"author":[{"embeddable":true,"href":"https:\/\/www.villa-verdi.fr\/en\/wp-json\/wp\/v2\/users\/1"}],"replies":[{"embeddable":true,"href":"https:\/\/www.villa-verdi.fr\/en\/wp-json\/wp\/v2\/comments?post=442"}],"version-history":[{"count":23,"href":"https:\/\/www.villa-verdi.fr\/en\/wp-json\/wp\/v2\/pages\/442\/revisions"}],"predecessor-version":[{"id":1361,"href":"https:\/\/www.villa-verdi.fr\/en\/wp-json\/wp\/v2\/pages\/442\/revisions\/1361"}],"wp:attachment":[{"href":"https:\/\/www.villa-verdi.fr\/en\/wp-json\/wp\/v2\/media?parent=442"}],"curies":[{"name":"wp","href":"https:\/\/api.w.org\/{rel}","templated":true}]}}