{"id":434,"date":"2017-01-28T19:02:42","date_gmt":"2017-01-28T18:02:42","guid":{"rendered":"http:\/\/7241d206bd.url-de-test.ws\/?page_id=434"},"modified":"2024-01-31T17:05:52","modified_gmt":"2024-01-31T16:05:52","slug":"le-domaine","status":"publish","type":"page","link":"https:\/\/www.villa-verdi.fr\/en\/le-domaine\/","title":{"rendered":"Le domaine"},"content":{"rendered":"\t\t<div data-elementor-type=\"wp-page\" data-elementor-id=\"434\" class=\"elementor elementor-434\">\n\t\t\t\t\t\t<section class=\"elementor-section elementor-top-section elementor-element elementor-element-c62c99c elementor-section-full_width elementor-section-content-middle elementor-section-stretched elementor-section-height-default elementor-section-height-default\" data-id=\"c62c99c\" data-element_type=\"section\" data-settings=\"{&quot;stretch_section&quot;:&quot;section-stretched&quot;}\">\n\t\t\t\t\t\t<div class=\"elementor-container elementor-column-gap-extended\">\n\t\t\t\t\t<div class=\"elementor-column elementor-col-33 elementor-top-column elementor-element elementor-element-5bea8a7\" data-id=\"5bea8a7\" data-element_type=\"column\">\n\t\t\t<div class=\"elementor-widget-wrap elementor-element-populated\">\n\t\t\t\t\t\t<div class=\"elementor-element elementor-element-ec557b2 elementor-widget elementor-widget-heading\" data-id=\"ec557b2\" data-element_type=\"widget\" data-widget_type=\"heading.default\">\n\t\t\t\t<div class=\"elementor-widget-container\">\n\t\t\t<style>\/*! elementor - v3.23.0 - 05-08-2024 *\/\n.elementor-heading-title{padding:0;margin:0;line-height:1}.elementor-widget-heading .elementor-heading-title[class*=elementor-size-]>a{color:inherit;font-size:inherit;line-height:inherit}.elementor-widget-heading .elementor-heading-title.elementor-size-small{font-size:15px}.elementor-widget-heading .elementor-heading-title.elementor-size-medium{font-size:19px}.elementor-widget-heading .elementor-heading-title.elementor-size-large{font-size:29px}.elementor-widget-heading .elementor-heading-title.elementor-size-xl{font-size:39px}.elementor-widget-heading .elementor-heading-title.elementor-size-xxl{font-size:59px}<\/style><h2 class=\"elementor-heading-title elementor-size-default\">Nich\u00e9e dans un \u00e9crin de verdure<\/h2>\t\t<\/div>\n\t\t\t\t<\/div>\n\t\t\t\t<div class=\"elementor-element elementor-element-a496c4a elementor-widget elementor-widget-heading\" data-id=\"a496c4a\" data-element_type=\"widget\" data-widget_type=\"heading.default\">\n\t\t\t\t<div class=\"elementor-widget-container\">\n\t\t\t<h2 class=\"elementor-heading-title elementor-size-default\">\n<\/h2>\t\t<\/div>\n\t\t\t\t<\/div>\n\t\t\t\t<div class=\"elementor-element elementor-element-906815f elementor-widget elementor-widget-text-editor\" data-id=\"906815f\" data-element_type=\"widget\" data-widget_type=\"text-editor.default\">\n\t\t\t\t<div class=\"elementor-widget-container\">\n\t\t\t<style>\/*! elementor - v3.23.0 - 05-08-2024 *\/\n.elementor-widget-text-editor.elementor-drop-cap-view-stacked .elementor-drop-cap{background-color:#69727d;color:#fff}.elementor-widget-text-editor.elementor-drop-cap-view-framed .elementor-drop-cap{color:#69727d;border:3px solid;background-color:transparent}.elementor-widget-text-editor:not(.elementor-drop-cap-view-default) .elementor-drop-cap{margin-top:8px}.elementor-widget-text-editor:not(.elementor-drop-cap-view-default) .elementor-drop-cap-letter{width:1em;height:1em}.elementor-widget-text-editor .elementor-drop-cap{float:left;text-align:center;line-height:1;font-size:50px}.elementor-widget-text-editor .elementor-drop-cap-letter{display:inline-block}<\/style>\t\t\t\t<p>En franchissant la grille de la Villa Verdi, vous d\u00e9couvrirez le village de Saint C\u00e9zaire entre ciel et terre. La propri\u00e9t\u00e9 de 6500 m2 est nich\u00e9e dans un \u00e9crin de verdure ; la for\u00eat de pins est un jardin naturel.<\/p>\t\t\t\t\t\t<\/div>\n\t\t\t\t<\/div>\n\t\t\t\t<div class=\"elementor-element elementor-element-e6a2a5d elementor-widget elementor-widget-text-editor\" data-id=\"e6a2a5d\" data-element_type=\"widget\" data-widget_type=\"text-editor.default\">\n\t\t\t\t<div class=\"elementor-widget-container\">\n\t\t\t\t\t\t\t<p>Cheminez sur une all\u00e9e de graviers bord\u00e9e d\u2019essences m\u00e9diterran\u00e9ennes et d\u00e9couvrez,<span class=\"Apple-converted-space\">\u00a0 <\/span>sur une restanque, la piscine baign\u00e9e de soleil (11 X 5,50). L&#8217;eau bleue azur et la for\u00eat de pins<span class=\"Apple-converted-space\">\u00a0 <\/span>face au d\u00e9bordement offre un tableau reposant et vous invite au farniente. Alors laissez vous bercer par le chant des cigales et paressez au bord du bassin.<\/p>\t\t\t\t\t\t<\/div>\n\t\t\t\t<\/div>\n\t\t\t\t\t<\/div>\n\t\t<\/div>\n\t\t\t\t<div class=\"elementor-column elementor-col-66 elementor-top-column elementor-element elementor-element-a02ef9c\" data-id=\"a02ef9c\" data-element_type=\"column\">\n\t\t\t<div class=\"elementor-widget-wrap elementor-element-populated\">\n\t\t\t\t\t\t<div class=\"elementor-element elementor-element-3a22316 elementor-widget elementor-widget-image\" data-id=\"3a22316\" data-element_type=\"widget\" data-widget_type=\"image.default\">\n\t\t\t\t<div class=\"elementor-widget-container\">\n\t\t\t<style>\/*! elementor - v3.23.0 - 05-08-2024 *\/\n.elementor-widget-image{text-align:center}.elementor-widget-image a{display:inline-block}.elementor-widget-image a img[src$=\".svg\"]{width:48px}.elementor-widget-image img{vertical-align:middle;display:inline-block}<\/style>\t\t\t\t\t\t\t<figure class=\"wp-caption\">\n\t\t\t\t\t\t\t\t\t\t<img fetchpriority=\"high\" decoding=\"async\" width=\"1182\" height=\"665\" src=\"https:\/\/www.villa-verdi.fr\/wp-content\/uploads\/2024\/01\/B8FBF1A5-0C88-4CF9-BD73-A5C2CE5163C0_1_105_c.jpeg\" class=\"attachment-1536x1536 size-1536x1536 wp-image-1810\" alt=\"villa verdi var vue du ciel\" srcset=\"https:\/\/www.villa-verdi.fr\/wp-content\/uploads\/2024\/01\/B8FBF1A5-0C88-4CF9-BD73-A5C2CE5163C0_1_105_c.jpeg 1182w, https:\/\/www.villa-verdi.fr\/wp-content\/uploads\/2024\/01\/B8FBF1A5-0C88-4CF9-BD73-A5C2CE5163C0_1_105_c-300x169.jpeg 300w, https:\/\/www.villa-verdi.fr\/wp-content\/uploads\/2024\/01\/B8FBF1A5-0C88-4CF9-BD73-A5C2CE5163C0_1_105_c-1024x576.jpeg 1024w, https:\/\/www.villa-verdi.fr\/wp-content\/uploads\/2024\/01\/B8FBF1A5-0C88-4CF9-BD73-A5C2CE5163C0_1_105_c-768x432.jpeg 768w\" sizes=\"100vw\" \/>\t\t\t\t\t\t\t\t\t\t\t<figcaption class=\"widget-image-caption wp-caption-text\"><\/figcaption>\n\t\t\t\t\t\t\t\t\t\t<\/figure>\n\t\t\t\t\t\t\t<\/div>\n\t\t\t\t<\/div>\n\t\t\t\t\t<\/div>\n\t\t<\/div>\n\t\t\t\t\t<\/div>\n\t\t<\/section>\n\t\t\t\t<\/div>\n\t\t","protected":false},"excerpt":{"rendered":"<p>Nich\u00e9e dans un \u00e9crin de verdure En franchissant la grille de la Villa Verdi, vous d\u00e9couvrirez le village de Saint C\u00e9zaire entre ciel et terre. La propri\u00e9t\u00e9 de 6500 m2 est nich\u00e9e dans un \u00e9crin de verdure ; la for\u00eat de pins est un jardin naturel. Cheminez sur une all\u00e9e de graviers bord\u00e9e d\u2019essences m\u00e9diterran\u00e9ennes &hellip; <\/p>\n<p class=\"link-more\"><a href=\"https:\/\/www.villa-verdi.fr\/en\/le-domaine\/\" class=\"more-link\">Continue reading<span class=\"screen-reader-text\"> &#8220;Le domaine&#8221;<\/span><\/a><\/p>\n","protected":false},"author":1,"featured_media":0,"parent":0,"menu_order":0,"comment_status":"closed","ping_status":"closed","template":"","meta":{"ngg_post_thumbnail":0},"_links":{"self":[{"href":"https:\/\/www.villa-verdi.fr\/en\/wp-json\/wp\/v2\/pages\/434"}],"collection":[{"href":"https:\/\/www.villa-verdi.fr\/en\/wp-json\/wp\/v2\/pages"}],"about":[{"href":"https:\/\/www.villa-verdi.fr\/en\/wp-json\/wp\/v2\/types\/page"}],"author":[{"embeddable":true,"href":"https:\/\/www.villa-verdi.fr\/en\/wp-json\/wp\/v2\/users\/1"}],"replies":[{"embeddable":true,"href":"https:\/\/www.villa-verdi.fr\/en\/wp-json\/wp\/v2\/comments?post=434"}],"version-history":[{"count":64,"href":"https:\/\/www.villa-verdi.fr\/en\/wp-json\/wp\/v2\/pages\/434\/revisions"}],"predecessor-version":[{"id":1828,"href":"https:\/\/www.villa-verdi.fr\/en\/wp-json\/wp\/v2\/pages\/434\/revisions\/1828"}],"wp:attachment":[{"href":"https:\/\/www.villa-verdi.fr\/en\/wp-json\/wp\/v2\/media?parent=434"}],"curies":[{"name":"wp","href":"https:\/\/api.w.org\/{rel}","templated":true}]}}