{"id":1958,"date":"2024-02-12T16:18:34","date_gmt":"2024-02-12T15:18:34","guid":{"rendered":"https:\/\/www.villa-verdi.fr\/?page_id=1958"},"modified":"2024-02-12T19:58:12","modified_gmt":"2024-02-12T18:58:12","slug":"patrimoine-naturel","status":"publish","type":"page","link":"https:\/\/www.villa-verdi.fr\/en\/patrimoine-naturel\/","title":{"rendered":"Patrimoine naturel"},"content":{"rendered":"\t\t<div data-elementor-type=\"wp-page\" data-elementor-id=\"1958\" class=\"elementor elementor-1958\">\n\t\t\t\t\t\t<section class=\"elementor-section elementor-top-section elementor-element elementor-element-c5db788 elementor-section-full_width elementor-section-height-min-height elementor-section-items-stretch elementor-section-stretched elementor-section-height-default\" data-id=\"c5db788\" data-element_type=\"section\" data-settings=\"{&quot;stretch_section&quot;:&quot;section-stretched&quot;,&quot;background_background&quot;:&quot;slideshow&quot;,&quot;background_slideshow_gallery&quot;:[],&quot;background_slideshow_loop&quot;:&quot;yes&quot;,&quot;background_slideshow_slide_duration&quot;:5000,&quot;background_slideshow_slide_transition&quot;:&quot;fade&quot;,&quot;background_slideshow_transition_duration&quot;:500}\">\n\t\t\t\t\t\t<div class=\"elementor-container elementor-column-gap-custom\">\n\t\t\t\t\t<div class=\"elementor-column elementor-col-33 elementor-top-column elementor-element elementor-element-77a3c18\" data-id=\"77a3c18\" data-element_type=\"column\">\n\t\t\t<div class=\"elementor-widget-wrap elementor-element-populated\">\n\t\t\t\t\t\t<div class=\"elementor-element elementor-element-c29a44e elementor-widget elementor-widget-heading\" data-id=\"c29a44e\" data-element_type=\"widget\" data-widget_type=\"heading.default\">\n\t\t\t\t<div class=\"elementor-widget-container\">\n\t\t\t<style>\/*! elementor - v3.23.0 - 05-08-2024 *\/\n.elementor-heading-title{padding:0;margin:0;line-height:1}.elementor-widget-heading .elementor-heading-title[class*=elementor-size-]>a{color:inherit;font-size:inherit;line-height:inherit}.elementor-widget-heading .elementor-heading-title.elementor-size-small{font-size:15px}.elementor-widget-heading .elementor-heading-title.elementor-size-medium{font-size:19px}.elementor-widget-heading .elementor-heading-title.elementor-size-large{font-size:29px}.elementor-widget-heading .elementor-heading-title.elementor-size-xl{font-size:39px}.elementor-widget-heading .elementor-heading-title.elementor-size-xxl{font-size:59px}<\/style><h2 class=\"elementor-heading-title elementor-size-default\">Les Gorges de la Siagne<\/h2>\t\t<\/div>\n\t\t\t\t<\/div>\n\t\t\t\t<div class=\"elementor-element elementor-element-f9b1bab elementor-widget elementor-widget-spacer\" data-id=\"f9b1bab\" data-element_type=\"widget\" data-widget_type=\"spacer.default\">\n\t\t\t\t<div class=\"elementor-widget-container\">\n\t\t\t<style>\/*! elementor - v3.23.0 - 05-08-2024 *\/\n.elementor-column .elementor-spacer-inner{height:var(--spacer-size)}.e-con{--container-widget-width:100%}.e-con-inner>.elementor-widget-spacer,.e-con>.elementor-widget-spacer{width:var(--container-widget-width,var(--spacer-size));--align-self:var(--container-widget-align-self,initial);--flex-shrink:0}.e-con-inner>.elementor-widget-spacer>.elementor-widget-container,.e-con>.elementor-widget-spacer>.elementor-widget-container{height:100%;width:100%}.e-con-inner>.elementor-widget-spacer>.elementor-widget-container>.elementor-spacer,.e-con>.elementor-widget-spacer>.elementor-widget-container>.elementor-spacer{height:100%}.e-con-inner>.elementor-widget-spacer>.elementor-widget-container>.elementor-spacer>.elementor-spacer-inner,.e-con>.elementor-widget-spacer>.elementor-widget-container>.elementor-spacer>.elementor-spacer-inner{height:var(--container-widget-height,var(--spacer-size))}.e-con-inner>.elementor-widget-spacer.elementor-widget-empty,.e-con>.elementor-widget-spacer.elementor-widget-empty{position:relative;min-height:22px;min-width:22px}.e-con-inner>.elementor-widget-spacer.elementor-widget-empty .elementor-widget-empty-icon,.e-con>.elementor-widget-spacer.elementor-widget-empty .elementor-widget-empty-icon{position:absolute;top:0;bottom:0;left:0;right:0;margin:auto;padding:0;width:22px;height:22px}<\/style>\t\t<div class=\"elementor-spacer\">\n\t\t\t<div class=\"elementor-spacer-inner\"><\/div>\n\t\t<\/div>\n\t\t\t\t<\/div>\n\t\t\t\t<\/div>\n\t\t\t\t<div class=\"elementor-element elementor-element-9914c62 elementor-widget elementor-widget-text-editor\" data-id=\"9914c62\" data-element_type=\"widget\" data-widget_type=\"text-editor.default\">\n\t\t\t\t<div class=\"elementor-widget-container\">\n\t\t\t<style>\/*! elementor - v3.23.0 - 05-08-2024 *\/\n.elementor-widget-text-editor.elementor-drop-cap-view-stacked .elementor-drop-cap{background-color:#69727d;color:#fff}.elementor-widget-text-editor.elementor-drop-cap-view-framed .elementor-drop-cap{color:#69727d;border:3px solid;background-color:transparent}.elementor-widget-text-editor:not(.elementor-drop-cap-view-default) .elementor-drop-cap{margin-top:8px}.elementor-widget-text-editor:not(.elementor-drop-cap-view-default) .elementor-drop-cap-letter{width:1em;height:1em}.elementor-widget-text-editor .elementor-drop-cap{float:left;text-align:center;line-height:1;font-size:50px}.elementor-widget-text-editor .elementor-drop-cap-letter{display:inline-block}<\/style>\t\t\t\t<p>Acc\u00e9dez \u00e0 une vall\u00e9e pr\u00e9serv\u00e9e, site Natura 2000 et adonnez vous \u00e0 la randonn\u00e9e au travers du GR Villages Perch\u00e9s de Haute Siagne (49,6 km)<\/p><p>D\u00e9couvrez un patrimoine culturel au coeur de la Vall\u00e9e de la Siagne<\/p><p>\u00b0 Pont des Tuves<\/p><p>\u00b0 Pont de Rey<\/p><p>\u00b0 Pont de Mons<\/p>\t\t\t\t\t\t<\/div>\n\t\t\t\t<\/div>\n\t\t\t\t\t<\/div>\n\t\t<\/div>\n\t\t\t\t<div class=\"elementor-column elementor-col-66 elementor-top-column elementor-element elementor-element-d5449ac\" data-id=\"d5449ac\" data-element_type=\"column\" data-settings=\"{&quot;background_background&quot;:&quot;slideshow&quot;,&quot;background_slideshow_gallery&quot;:[{&quot;id&quot;:1968,&quot;url&quot;:&quot;https:\\\/\\\/www.villa-verdi.fr\\\/wp-content\\\/uploads\\\/2024\\\/02\\\/198E35F5-7C87-4EC2-8EFC-3027EED8C7EB_1_105_c.jpeg&quot;},{&quot;id&quot;:1967,&quot;url&quot;:&quot;https:\\\/\\\/www.villa-verdi.fr\\\/wp-content\\\/uploads\\\/2024\\\/02\\\/541B2EE2-9B41-4517-8CDA-1C9CD82D6E46_1_105_c.jpeg&quot;},{&quot;id&quot;:1966,&quot;url&quot;:&quot;https:\\\/\\\/www.villa-verdi.fr\\\/wp-content\\\/uploads\\\/2024\\\/02\\\/701688AA-7BB2-4C9F-9D85-B19FFE136A1C_1_105_c.jpeg&quot;},{&quot;id&quot;:1965,&quot;url&quot;:&quot;https:\\\/\\\/www.villa-verdi.fr\\\/wp-content\\\/uploads\\\/2024\\\/02\\\/CD21ADDE-2EA4-4624-9FDD-F1B5DB09DC6F_1_105_c.jpeg&quot;},{&quot;id&quot;:1964,&quot;url&quot;:&quot;https:\\\/\\\/www.villa-verdi.fr\\\/wp-content\\\/uploads\\\/2024\\\/02\\\/D33A7772-E700-4DA5-A08A-C3E9814043D4_1_105_c.jpeg&quot;},{&quot;id&quot;:1963,&quot;url&quot;:&quot;https:\\\/\\\/www.villa-verdi.fr\\\/wp-content\\\/uploads\\\/2024\\\/02\\\/E5FB42F7-C1D6-46AB-AD50-41D1352E732D_1_105_c.jpeg&quot;},{&quot;id&quot;:1962,&quot;url&quot;:&quot;https:\\\/\\\/www.villa-verdi.fr\\\/wp-content\\\/uploads\\\/2024\\\/02\\\/E65B2631-8B70-4438-AD04-B275DF3C258C_1_105_c.jpeg&quot;},{&quot;id&quot;:1961,&quot;url&quot;:&quot;https:\\\/\\\/www.villa-verdi.fr\\\/wp-content\\\/uploads\\\/2024\\\/02\\\/133D8FD9-8393-422E-9E97-A416B48399CA_1_105_c.jpeg&quot;}],&quot;background_slideshow_transition_duration&quot;:300,&quot;background_slideshow_loop&quot;:&quot;yes&quot;,&quot;background_slideshow_slide_duration&quot;:5000,&quot;background_slideshow_slide_transition&quot;:&quot;fade&quot;}\">\n\t\t\t<div class=\"elementor-widget-wrap\">\n\t\t\t\t\t\t\t<\/div>\n\t\t<\/div>\n\t\t\t\t\t<\/div>\n\t\t<\/section>\n\t\t\t\t<\/div>\n\t\t","protected":false},"excerpt":{"rendered":"<p>Les Gorges de la Siagne Acc\u00e9dez \u00e0 une vall\u00e9e pr\u00e9serv\u00e9e, site Natura 2000 et adonnez vous \u00e0 la randonn\u00e9e au travers du GR Villages Perch\u00e9s de Haute Siagne (49,6 km) D\u00e9couvrez un patrimoine culturel au coeur de la Vall\u00e9e de la Siagne \u00b0 Pont des Tuves \u00b0 Pont de Rey \u00b0 Pont de Mons<\/p>\n","protected":false},"author":1,"featured_media":0,"parent":0,"menu_order":0,"comment_status":"closed","ping_status":"closed","template":"","meta":{"ngg_post_thumbnail":0},"_links":{"self":[{"href":"https:\/\/www.villa-verdi.fr\/en\/wp-json\/wp\/v2\/pages\/1958"}],"collection":[{"href":"https:\/\/www.villa-verdi.fr\/en\/wp-json\/wp\/v2\/pages"}],"about":[{"href":"https:\/\/www.villa-verdi.fr\/en\/wp-json\/wp\/v2\/types\/page"}],"author":[{"embeddable":true,"href":"https:\/\/www.villa-verdi.fr\/en\/wp-json\/wp\/v2\/users\/1"}],"replies":[{"embeddable":true,"href":"https:\/\/www.villa-verdi.fr\/en\/wp-json\/wp\/v2\/comments?post=1958"}],"version-history":[{"count":10,"href":"https:\/\/www.villa-verdi.fr\/en\/wp-json\/wp\/v2\/pages\/1958\/revisions"}],"predecessor-version":[{"id":1985,"href":"https:\/\/www.villa-verdi.fr\/en\/wp-json\/wp\/v2\/pages\/1958\/revisions\/1985"}],"wp:attachment":[{"href":"https:\/\/www.villa-verdi.fr\/en\/wp-json\/wp\/v2\/media?parent=1958"}],"curies":[{"name":"wp","href":"https:\/\/api.w.org\/{rel}","templated":true}]}}